{"id":24755,"date":"2021-10-08T15:24:36","date_gmt":"2021-10-08T15:24:36","guid":{"rendered":"https:\/\/ensemble.cymru\/?page_id=24755"},"modified":"2023-03-24T11:00:59","modified_gmt":"2023-03-24T11:00:59","slug":"ein-tim","status":"publish","type":"page","link":"https:\/\/ensemble.cymru\/cy\/amdanom\/ein-tim\/","title":{"rendered":"Ein t\u00eem"},"content":{"rendered":"\n<p>T\u00eem bach o <a href=\"https:\/\/ensemble.cymru\/cy\/performers\/\">gerddorion <\/a>ydym, o dan arweiniad ein Cyfarwyddwr Artistig Peryn Clement-Evans, gyda chefnogaeth t\u00eem gwych o ymddiriedolwyr gwirfoddol.<\/p>\n\n\n\n<h2 class=\"wp-block-heading\">Ein Hymddiriedolwyr<\/h2>\n\n\n\n<h3 class=\"wp-block-heading\">Adrian Barsby<\/h3>\n\n\n\n<p>Ac yntau wedi datblygu o swydd porthor i reolwr cyffredinol drwy hyfforddiant gwestai traddodiadol, ac wedi sawl swydd rheolwr cyffredinol ledled Lloegr, symudodd Adrian i Gymru yn 1994 i reoli cwmni preifat yn gweithio gyda gwestai ym mhob cwr o Brydain Fawr. Enillodd y cwmni statws Buddsoddwyr mewn Pobl a gwobr Cyflogwr y Flwyddyn yn 2002. Mae Adrian wedi bod yn Gadeirydd Twristiaeth Gogledd Cymru a Chynghrair Twristiaeth Cymru (2015 \u2013 2018) gan gynrychioli dros 6000 o fentrau Twristiaeth yng Nghymru i Lywodraeth Cymru a Llywodraeth y DU. Mae wedi bod yn weithredol gyda\u2019r Siambr Fasnach, Sefydliad y Cyfarwyddwyr a datblygiad economaidd rhanbarthol. Darlithydd cyswllt ym Mhrifysgol Fetropolitan Manceinion yw Adrian, ac mae ei gwmni, Barsby Associates Ltd, wedi mentora dros 200 o fentrau ers 2007, gan gaffael contractau ar gyfer prosiectau ledled gogledd-ddwyrain Cymru, WRAP (<a href=\"https:\/\/wrap.org.uk\">wrap.org.uk<\/a>) a Phartneriaeth Datblygu Rhanbarthol.<\/p>\n\n\n\n<h3 class=\"wp-block-heading\">Amanda Pemberton<\/h3>\n\n\n\n<p>Magwyd Amanda yng nghysgod cerddorol gogledd Cymru \u2013 Clwb Cerdd y Rhyl, Opera Cenedlaethol Cymru ac Eisteddfod Gerddorol Ryngwladol Llangollen \u2013 ac roedd cerddoriaeth yn elfen fawr yn ei bywyd cynnar a hithau\u2019n ferch i Ffidler Iddewig o\u2019r Weriniaeth Tsiec. Ffisiotherapi yw ei chefndir, ac fel rhan o\u2019i swydd gweithiodd fel cyfarwyddwr Riding for the Disabled am 23 mlynedd. Yn ddiweddarach, mae Amanda wedi bod yn athrawes biano a chlarin\u00e9t i oedolion a phlant yn ardal Bae Colwyn. Mae\u2019n mwynhau bod yn rhan o fand adloniant ac wrth ei bodd yn mynd i\u2019r eglwys. Mae wedi cefnogi gwaith Ensemble Cymru ers dros 15 o \u201cflynyddoedd anhygoel\u201d.<\/p>\n\n\n\n<h3 class=\"wp-block-heading\">Carolyn Burton<\/h3>\n\n\n\n<p>Ganwyd Carolyn yng Ngwlad Thai a chafodd ei magu ar Ynys M\u00f4n gan ddysgu&#8217;r ffidil a\u2019r piano o oedran cynnar a chan fwynhau chwarae mewn amrywiaeth o gerddorfeydd ac ensembles, gan gynnwys 6 mlynedd fel aelod o Gerddorfa Genedlaethol Ieuenctid Cymru. Aeth ymlaen i astudio cerddoriaeth ym Mhrifysgol Birmingham, ac ers graddio yn 2017 mae wedi bod yn gweithio yn y sector addysg cerddoriaeth. Ar hyn o bryd hi yw Swyddog Ysgolion Cerddorfa Symffoni Dinas Birmingham (ers Medi 2020) a chyn hynny roedd yn Weinyddwr Hwb Cerddoriaeth ac yn athrawes ffidil peripatetig ar gyfer Gwasanaeth Cerddoriaeth Ealing yn Llundain (2017 &#8211; 2020).  Mae\u2019n yn dal i fod yn feiolinydd ac i fwynhau bod yn rhan o greu cerddoriaeth yng ngogledd Cymru \u2013 mae\u2019n chwarae\u2019n rheolaidd gyda Phedwarawd Llinynnol Brynafon (aelod sylfaen a rheolwr blaenorol) a Camerata Gogledd Cymru (rheolwr). Ar \u00f4l cael budd o ddarpariaeth cerddoriaeth ieuenctid ragorol, mae Carolyn wedi ymrwymo i sicrhau y gall cenedlaethau\u2019r dyfodol barhau i elwa ar y cyfleoedd y bu\u2019n ddigon ffodus i\u2019w profi gyda diddordeb arbennig mewn ysgolion ac addysg, plant a phobl ifanc, a phobl ifanc sydd \u00e2 diddordeb mewn gyrfa mewn cerddoriaeth (boed fel perfformiwr, gweinyddwr celfyddydau ac ati).<\/p>\n\n\n\n<h3 class=\"wp-block-heading\">David Roberts (Chair)<\/h3>\n\n\n\n<p>Mae David wedi bod yn aelod o staff ym Mhrifysgol Bangor ers dros 35 o flynyddoedd, gan wasanaethu fel Ysgrifennydd a Chofrestrydd Prifysgol am 15 mlynedd a Chofrestrydd Academaidd cyn hynny. Gwasanaethodd fel Dirprwy Is-ganghellor yn 2010 a daeth yn Gymrawd Anrhydeddus yn 2015. Hanesydd yw David o ran ei gefndir ac ysgrifennodd hanes y Brifysgol [Prifysgol Bangor 1884\u20132009] a gafodd ei gyhoeddi yn 2009 i ddathlu pen-blwydd y Brifysgol yn 125 oed. Mae wedi ymrwymo i gefnogi\u2019r celfyddydau a diwylliant ac mae\u2019n ymddiriedolwr sawl elusen arall yn ymwneud \u00e2\u2019r celfyddydau a threftadaeth.<\/p>\n\n\n\n<h3 class=\"wp-block-heading\">Phil Brooks &#8211; Treasurer<\/h3>\n\n\n\n<p>Ac yntau\u2019n Gyn-bennaeth Cyfrifeg a Thrysorlys Cyngor Bwrdeistref Sirol Conwy, mae Phil yn briod, a chanddo dri o blant. Mae wedi ymddiddori yn y celfyddydau, y theatr a cherddoriaeth gydol ei oes, gan fynychu digwyddiadau yn rheolaidd yn Theatr Clwyd a chefnogi\u2019n weithredol cyngherddau Ensemble Cymru. Wedi iddo gyflawni gradd wleidyddiaeth ym Mhrifysgol Efrog, cymhwysodd fel cyfrifydd ac mae wedi bod yn gweithio yn y maes llywodraeth leol, cymdeithasau tai ac ymgynghori ers 40 o flynyddoedd.<\/p>\n\n\n\n<h3 class=\"wp-block-heading\">Samantha Butler<\/h3>\n\n\n\n<p>Mae Samantha, sy\u2019n gyfrifiadurwr, yn hynod awyddus i ddefnyddio ei sgiliau er mwyn bod o gymorth i eraill, a\u2019u cefnogi. Yn Rheolwr Cymorth TG a Chlyweledol ym Mhrifysgol Bangor, mae\u2019n dadansoddi data newydd i sylwi ar batrymau a thueddiadau er mwyn atgyfnerthu sawl prosiect, ac mae\u2019n cyflwyno ei sgiliau a\u2019i brwdfrydedd i Ensemble Cymru gyda\u2019r nod o ddatblygu dealltwriaeth o\u2019r effaith mae Ensemble Cymru yn ei chael ar gymunedau lleol, perfformwyr, cerddorion, a chynulleidfaoedd. Mae\u2019n ymrwymedig i gefnogi Ensemble Cymru yn eu cenhadaeth, a daw \u00e2 sylw a ffocws i ddata cynulleidfaoedd, dealltwriaethau a gwerthusiadau.<\/p>\n\n\n\n<h3 class=\"wp-block-heading\">Sarah Gwyndaf-Roberts<\/h3>\n\n\n\n<p>Mae Sarah yn gyfreithiwr cymwys sy\u2019n arbenigo mewn Eiddo Deallusol a Thechnoleg Gwybodaeth. Mae ganddi dros 20 mlynedd o brofiad o weithio ar brosiectau cymhleth a thechnegol gwerth miliynau o bunnoedd, a hynny\u2019n fewnol ac mewn practis preifat. Ar hyn o bryd, mae\u2019n gweithio fel Prif Swyddog Cyfreithiol yn y sector fferyllol. Mae hi hefyd wedi gweithio fel ymgynghorydd cyfreithiol yn darparu cyngor ar faterion strategol, masnachol a rheoliadol a chan feddu ar gyfrifoldeb penodol am risg. Triga Sarah yng ngogledd Cymru gyda\u2019i g\u0175r a\u2019i thri o blant, y mae pob un ohonynt yn chwarae offerynnau. Mae gan Sarah ddiddordeb penodol mewn galluogi plant o bob cefndir i gael profiad o gerddoriaeth a cheisio mynediad at offerynnau cerddorol.<\/p>\n\n\n\n<h3 class=\"wp-block-heading\">Dr Stuart Anderson<\/h3>\n\n\n\n<p>Meddyg Teulu wedi ymddeol yw Stuart a symudodd i ogledd Cymru yn 1979, lle cyfarfu ei wraig Liz. Mae gan y p\u00e2r ddau o blant h\u0177n. Rhwng 1986-2006, bu\u2019n Feddyg Teulu yn gwasanaethu\u2019r trefi a gafodd eu heffeithio gan Ddinistr Llifogydd Towyn yn 1990. Rhwng 1999-2017, gwasanaethodd ar Gyngor Bwrdeistref Sirol Conwy, a bu\u2019n Gadeirydd yno rhwng 2012-14. Mae Stuart wedi ymddiddori mewn cerddoriaeth ers tro, ac mae wedi bod yn canu ers nifer o flynyddoedd gyda Chymdeithas Gorawl Llanelwy a chanu\u2019r fiola yng Ngherddorfa Prom Praise Noel Tredinnick. Ar \u00f4l ymweld \u00e2\u2019r lle sawl gwaith dros gyfnod o 10 mlynedd, yn 2015 trefnodd Stuart gyngerdd yn Sacsoni i nodi 70 o flynyddoedd ers rhyddhau Castell Colditz, lle bu ei dad yn Garcharor Rhyfel. Ar hyn o bryd, mae\u2019n cefnogi ymdrechion gwirfoddol i sicrhau dyfodol y Ganolfan Chwaraeon a Hamdden ger ysgolion cynradd Bae Cinmel, ac mae\u2019n gwasanaethu ar Fwrdd Cymorth y DU ar gyfer ysgol genhadol yn Mwanza, Tanzania.<\/p>\n\n\n\n<h3 class=\"wp-block-heading\">Wyn Thomas<\/h3>\n\n\n\n<p>Brodor o Aberystwyth, Sir Geredigion. Treuliodd Wyn ei yrfa gyfan ym myd cerddoriaeth &#8211; naill ai fel disgybl ysgol, myfyriwr, ymchwilydd, darlithydd neu uwch-ddarlithydd yn y maes. Bu&#8217;n fraint cael 40 mlynedd o weithio mewn Prifysgol sydd wedi ei lleoli yn harddwch gogledd Cymru, yn tywys myfyrwyr drwy gyfoeth ac amrywiaeth y traddodiad cerddorol ac yn ysbrydoli ymchwilwyr \u00f4l-radd i blymio&#8217;n ddyfnach i&#8217;w meysydd arbenigol. Bu&#8217;n aelod o fwrdd rheoli Ensemble Cymru ers ei sefydlu yn 2001 ac yn rhinwedd ei swydd, ei gyfrifoldeb yw rhannu ei ddealltwriaeth o fyd cerddoriaeth yng Nghymru a&#8217;r defnydd o gerddoriaeth yn y gymuned Gymreig. Treuliodd gyfnod fel Dirprwy Is-Ganghellor y Brifysgol ym Mangor ond mae&#8217;r awch a&#8217;r atynfa gerddorol yn parhau&#8217;n rhan annatod o&#8217;i ddiddordebau.<\/p>\n","protected":false},"excerpt":{"rendered":"<p>T\u00eem bach o gerddorion ydym, o dan arweiniad ein Cyfarwyddwr Artistig Peryn Clement-Evans, gyda chefnogaeth t\u00eem gwych o ymddiriedolwyr gwirfoddol. Ein Hymddiriedolwyr Adrian Barsby Ac yntau wedi datblygu o swydd porthor i reolwr cyffredinol drwy hyfforddiant gwestai traddodiadol, ac wedi sawl swydd rheolwr cyffredinol ledled Lloegr, symudodd Adrian i Gymru yn 1994 i reoli cwmni&hellip; <a class=\"more-link\" href=\"https:\/\/ensemble.cymru\/cy\/amdanom\/ein-tim\/\">Parhau i ddarllen <span class=\"screen-reader-text\">Ein t\u00eem<\/span><\/a><\/p>\n","protected":false},"author":54,"featured_media":0,"parent":605,"menu_order":0,"comment_status":"closed","ping_status":"closed","template":"","meta":{"inline_featured_image":false,"footnotes":""},"class_list":["post-24755","page","type-page","status-publish","hentry","entry"],"yoast_head":"<!-- This site is optimized with the Yoast SEO plugin v27.5 - https:\/\/yoast.com\/product\/yoast-seo-wordpress\/ -->\n<title>Ein t\u00eem - Ensemble Cymru<\/title>\n<meta name=\"robots\" content=\"index, follow, max-snippet:-1, max-image-preview:large, max-video-preview:-1\" \/>\n<link rel=\"canonical\" href=\"https:\/\/ensemble.cymru\/cy\/amdanom\/ein-tim\/\" \/>\n<meta property=\"og:locale\" content=\"en_US\" \/>\n<meta property=\"og:type\" content=\"article\" \/>\n<meta property=\"og:title\" content=\"Ein t\u00eem - Ensemble Cymru\" \/>\n<meta property=\"og:description\" content=\"T\u00eem bach o gerddorion ydym, o dan arweiniad ein Cyfarwyddwr Artistig Peryn Clement-Evans, gyda chefnogaeth t\u00eem gwych o ymddiriedolwyr gwirfoddol. Ein Hymddiriedolwyr Adrian Barsby Ac yntau wedi datblygu o swydd porthor i reolwr cyffredinol drwy hyfforddiant gwestai traddodiadol, ac wedi sawl swydd rheolwr cyffredinol ledled Lloegr, symudodd Adrian i Gymru yn 1994 i reoli cwmni&hellip; Parhau i ddarllen Ein t\u00eem\" \/>\n<meta property=\"og:url\" content=\"https:\/\/ensemble.cymru\/cy\/amdanom\/ein-tim\/\" \/>\n<meta property=\"og:site_name\" content=\"Ensemble Cymru\" \/>\n<meta property=\"article:publisher\" content=\"https:\/\/www.facebook.com\/EnsCymru\/\" \/>\n<meta property=\"article:modified_time\" content=\"2023-03-24T11:00:59+00:00\" \/>\n<meta name=\"twitter:card\" content=\"summary_large_image\" \/>\n<meta name=\"twitter:site\" content=\"@EnsCymru\" \/>\n<meta name=\"twitter:label1\" content=\"Est. reading time\" \/>\n\t<meta name=\"twitter:data1\" content=\"6 munud\" \/>\n<script type=\"application\/ld+json\" class=\"yoast-schema-graph\">{\"@context\":\"https:\\\/\\\/schema.org\",\"@graph\":[{\"@type\":\"WebPage\",\"@id\":\"https:\\\/\\\/ensemble.cymru\\\/cy\\\/amdanom\\\/ein-tim\\\/\",\"url\":\"https:\\\/\\\/ensemble.cymru\\\/cy\\\/amdanom\\\/ein-tim\\\/\",\"name\":\"Ein t\u00eem - Ensemble Cymru\",\"isPartOf\":{\"@id\":\"https:\\\/\\\/ensemble.cymru\\\/cy\\\/#website\"},\"datePublished\":\"2021-10-08T15:24:36+00:00\",\"dateModified\":\"2023-03-24T11:00:59+00:00\",\"breadcrumb\":{\"@id\":\"https:\\\/\\\/ensemble.cymru\\\/cy\\\/amdanom\\\/ein-tim\\\/#breadcrumb\"},\"inLanguage\":\"cy\",\"potentialAction\":[{\"@type\":\"ReadAction\",\"target\":[\"https:\\\/\\\/ensemble.cymru\\\/cy\\\/amdanom\\\/ein-tim\\\/\"]}]},{\"@type\":\"BreadcrumbList\",\"@id\":\"https:\\\/\\\/ensemble.cymru\\\/cy\\\/amdanom\\\/ein-tim\\\/#breadcrumb\",\"itemListElement\":[{\"@type\":\"ListItem\",\"position\":1,\"name\":\"Home\",\"item\":\"https:\\\/\\\/ensemble.cymru\\\/cy\\\/\"},{\"@type\":\"ListItem\",\"position\":2,\"name\":\"Amdanom\",\"item\":\"https:\\\/\\\/ensemble.cymru\\\/cy\\\/amdanom\\\/\"},{\"@type\":\"ListItem\",\"position\":3,\"name\":\"Ein t\u00eem\"}]},{\"@type\":\"WebSite\",\"@id\":\"https:\\\/\\\/ensemble.cymru\\\/cy\\\/#website\",\"url\":\"https:\\\/\\\/ensemble.cymru\\\/cy\\\/\",\"name\":\"Ensemble Cymru\",\"description\":\"\",\"publisher\":{\"@id\":\"https:\\\/\\\/ensemble.cymru\\\/cy\\\/#organization\"},\"potentialAction\":[{\"@type\":\"SearchAction\",\"target\":{\"@type\":\"EntryPoint\",\"urlTemplate\":\"https:\\\/\\\/ensemble.cymru\\\/cy\\\/?s={search_term_string}\"},\"query-input\":{\"@type\":\"PropertyValueSpecification\",\"valueRequired\":true,\"valueName\":\"search_term_string\"}}],\"inLanguage\":\"cy\"},{\"@type\":\"Organization\",\"@id\":\"https:\\\/\\\/ensemble.cymru\\\/cy\\\/#organization\",\"name\":\"Ensemble Cymru\",\"url\":\"https:\\\/\\\/ensemble.cymru\\\/cy\\\/\",\"logo\":{\"@type\":\"ImageObject\",\"inLanguage\":\"cy\",\"@id\":\"https:\\\/\\\/ensemble.cymru\\\/cy\\\/#\\\/schema\\\/logo\\\/image\\\/\",\"url\":\"https:\\\/\\\/ensemble.cymru\\\/wp-content\\\/uploads\\\/2024\\\/08\\\/2019-09-02EnsembleSquareLogo.png\",\"contentUrl\":\"https:\\\/\\\/ensemble.cymru\\\/wp-content\\\/uploads\\\/2024\\\/08\\\/2019-09-02EnsembleSquareLogo.png\",\"width\":320,\"height\":320,\"caption\":\"Ensemble Cymru\"},\"image\":{\"@id\":\"https:\\\/\\\/ensemble.cymru\\\/cy\\\/#\\\/schema\\\/logo\\\/image\\\/\"},\"sameAs\":[\"https:\\\/\\\/www.facebook.com\\\/EnsCymru\\\/\",\"https:\\\/\\\/x.com\\\/EnsCymru\",\"https:\\\/\\\/www.instagram.com\\\/enscymru\"]}]}<\/script>\n<!-- \/ Yoast SEO plugin. -->","yoast_head_json":{"title":"Ein t\u00eem - Ensemble Cymru","robots":{"index":"index","follow":"follow","max-snippet":"max-snippet:-1","max-image-preview":"max-image-preview:large","max-video-preview":"max-video-preview:-1"},"canonical":"https:\/\/ensemble.cymru\/cy\/amdanom\/ein-tim\/","og_locale":"en_US","og_type":"article","og_title":"Ein t\u00eem - Ensemble Cymru","og_description":"T\u00eem bach o gerddorion ydym, o dan arweiniad ein Cyfarwyddwr Artistig Peryn Clement-Evans, gyda chefnogaeth t\u00eem gwych o ymddiriedolwyr gwirfoddol. Ein Hymddiriedolwyr Adrian Barsby Ac yntau wedi datblygu o swydd porthor i reolwr cyffredinol drwy hyfforddiant gwestai traddodiadol, ac wedi sawl swydd rheolwr cyffredinol ledled Lloegr, symudodd Adrian i Gymru yn 1994 i reoli cwmni&hellip; Parhau i ddarllen Ein t\u00eem","og_url":"https:\/\/ensemble.cymru\/cy\/amdanom\/ein-tim\/","og_site_name":"Ensemble Cymru","article_publisher":"https:\/\/www.facebook.com\/EnsCymru\/","article_modified_time":"2023-03-24T11:00:59+00:00","twitter_card":"summary_large_image","twitter_site":"@EnsCymru","twitter_misc":{"Est. reading time":"6 munud"},"schema":{"@context":"https:\/\/schema.org","@graph":[{"@type":"WebPage","@id":"https:\/\/ensemble.cymru\/cy\/amdanom\/ein-tim\/","url":"https:\/\/ensemble.cymru\/cy\/amdanom\/ein-tim\/","name":"Ein t\u00eem - Ensemble Cymru","isPartOf":{"@id":"https:\/\/ensemble.cymru\/cy\/#website"},"datePublished":"2021-10-08T15:24:36+00:00","dateModified":"2023-03-24T11:00:59+00:00","breadcrumb":{"@id":"https:\/\/ensemble.cymru\/cy\/amdanom\/ein-tim\/#breadcrumb"},"inLanguage":"cy","potentialAction":[{"@type":"ReadAction","target":["https:\/\/ensemble.cymru\/cy\/amdanom\/ein-tim\/"]}]},{"@type":"BreadcrumbList","@id":"https:\/\/ensemble.cymru\/cy\/amdanom\/ein-tim\/#breadcrumb","itemListElement":[{"@type":"ListItem","position":1,"name":"Home","item":"https:\/\/ensemble.cymru\/cy\/"},{"@type":"ListItem","position":2,"name":"Amdanom","item":"https:\/\/ensemble.cymru\/cy\/amdanom\/"},{"@type":"ListItem","position":3,"name":"Ein t\u00eem"}]},{"@type":"WebSite","@id":"https:\/\/ensemble.cymru\/cy\/#website","url":"https:\/\/ensemble.cymru\/cy\/","name":"Ensemble Cymru","description":"","publisher":{"@id":"https:\/\/ensemble.cymru\/cy\/#organization"},"potentialAction":[{"@type":"SearchAction","target":{"@type":"EntryPoint","urlTemplate":"https:\/\/ensemble.cymru\/cy\/?s={search_term_string}"},"query-input":{"@type":"PropertyValueSpecification","valueRequired":true,"valueName":"search_term_string"}}],"inLanguage":"cy"},{"@type":"Organization","@id":"https:\/\/ensemble.cymru\/cy\/#organization","name":"Ensemble Cymru","url":"https:\/\/ensemble.cymru\/cy\/","logo":{"@type":"ImageObject","inLanguage":"cy","@id":"https:\/\/ensemble.cymru\/cy\/#\/schema\/logo\/image\/","url":"https:\/\/ensemble.cymru\/wp-content\/uploads\/2024\/08\/2019-09-02EnsembleSquareLogo.png","contentUrl":"https:\/\/ensemble.cymru\/wp-content\/uploads\/2024\/08\/2019-09-02EnsembleSquareLogo.png","width":320,"height":320,"caption":"Ensemble Cymru"},"image":{"@id":"https:\/\/ensemble.cymru\/cy\/#\/schema\/logo\/image\/"},"sameAs":["https:\/\/www.facebook.com\/EnsCymru\/","https:\/\/x.com\/EnsCymru","https:\/\/www.instagram.com\/enscymru"]}]}},"_links":{"self":[{"href":"https:\/\/ensemble.cymru\/cy\/wp-json\/wp\/v2\/pages\/24755","targetHints":{"allow":["GET"]}}],"collection":[{"href":"https:\/\/ensemble.cymru\/cy\/wp-json\/wp\/v2\/pages"}],"about":[{"href":"https:\/\/ensemble.cymru\/cy\/wp-json\/wp\/v2\/types\/page"}],"author":[{"embeddable":true,"href":"https:\/\/ensemble.cymru\/cy\/wp-json\/wp\/v2\/users\/54"}],"replies":[{"embeddable":true,"href":"https:\/\/ensemble.cymru\/cy\/wp-json\/wp\/v2\/comments?post=24755"}],"version-history":[{"count":18,"href":"https:\/\/ensemble.cymru\/cy\/wp-json\/wp\/v2\/pages\/24755\/revisions"}],"predecessor-version":[{"id":26591,"href":"https:\/\/ensemble.cymru\/cy\/wp-json\/wp\/v2\/pages\/24755\/revisions\/26591"}],"up":[{"embeddable":true,"href":"https:\/\/ensemble.cymru\/cy\/wp-json\/wp\/v2\/pages\/605"}],"wp:attachment":[{"href":"https:\/\/ensemble.cymru\/cy\/wp-json\/wp\/v2\/media?parent=24755"}],"curies":[{"name":"wp","href":"https:\/\/api.w.org\/{rel}","templated":true}]}}