{"id":27449,"date":"2025-11-06T14:35:45","date_gmt":"2025-11-06T14:35:45","guid":{"rendered":"https:\/\/ensemble.cymru\/?page_id=27449"},"modified":"2025-11-06T14:35:46","modified_gmt":"2025-11-06T14:35:46","slug":"cymheiriaid-naturiol-llais-a-feiolin","status":"publish","type":"page","link":"https:\/\/ensemble.cymru\/cy\/darganfod-cerddoriaeth-siambr\/cymheiriaid-naturiol-llais-a-feiolin\/","title":{"rendered":"Cymheiriaid naturiol &#8211; llais a feiol\u00edn"},"content":{"rendered":"\n<p>gan Jonathan Lyness <br><em><em>Curadur y Rhaglen<\/em><\/em><\/p>\n\n\n\n<p>Dywedir yn aml mai&#8217;r sielo yw&#8217;r offeryn gorau i efelychu&#8217;r llais dynol. Ac mai&#8217;r piano neu git\u00e2r yw&#8217;r offerynnau gorau i gyfeilio i&#8217;r llais. Ond pa offeryn sydd orau i gyfathrebu \u00e2&#8217;r llais? Yn sicr, yr ateb yw&#8217;r feiol\u00edn. Mae gan y ddau &#8216;offeryn&#8217; &#8211; y llais a&#8217;r feiol\u00edn &#8211; ystod debyg (os mai llais benywaidd ydyw); mae&#8217;r ddau&#8217;n gallu llithro&#8217;n rhydd, yn ystwyth, a hyd yn oed yn hudolus rhwng nodau; gall y ddau oresgyn dynameg gyferbyniol ar draws eu hystod; gall y ddau ysgubo ar draws cymalau, bownsio&#8217;n chwareus, ymosod yn wyllt, cysgodi, cyfeilio neu wrthbwyntio ei gilydd yn awchus. Felly, ni ddylai fod yn syndod bod sawl cyfansoddwr wedi cyfansoddi deuawdau ar gyfer y llais a&#8217;r feiol\u00edn.<\/p>\n\n\n\n<p>Efallai mai&#8217;r hyn fydd yn synnu rhywun yw bod bron yr holl repertoire clasurol amlwg ar gyfer y llais a&#8217;r feiol\u00edn yn dod o&#8217;r 1920au! Nid oes dim byd pwysig yn dod o gyfnod cynharach. Pe byddech wedi bod eisiau clywed feiol\u00edn yn cyfeilio i lais cyn hyn, y cyfle gorau fyddai dod o hyd i dafarn glasurol gyda s\u00een gerddoriaeth werin dda. Ac efallai mai dyna&#8217;n union wnaeth Vaughan Williams, oherwydd mae&#8217;n ymddangos ei fod wedi dechrau arni ychydig yn gynt pan osododd dwy g\u00e2n werin o Loegr ar gyfer llais a feiol\u00edn \u2013 \u201cSearching for Lambs\u201d a \u201cThe Lawyer\u201d, yn 1913. Erbyn hynny, roedd Vaughan Williams wedi ymsefydlu&#8217;n ddwfn yn yr adfywiad cerddoriaeth werin, a gan ei fod yn feiolinydd gwych ei hun, roedd yn dangos sut y gallai&#8217;r feiol\u00edn fod yn bartner hardd a sensitif i&#8217;r llais.<\/p>\n\n\n\n<figure class=\"wp-block-gallery aligncenter has-nested-images columns-default is-cropped wp-block-gallery-1 is-layout-flex wp-block-gallery-is-layout-flex\">\n<figure class=\"wp-block-image size-full\"><img loading=\"lazy\" decoding=\"async\" width=\"500\" height=\"637\" data-id=\"27441\" src=\"https:\/\/ensemble.cymru\/wp-content\/uploads\/2025\/11\/Ralph-Vaughan-Williams-c.1920.jpg\" alt=\"\" class=\"wp-image-27441\" srcset=\"https:\/\/ensemble.cymru\/wp-content\/uploads\/2025\/11\/Ralph-Vaughan-Williams-c.1920.jpg 500w, https:\/\/ensemble.cymru\/wp-content\/uploads\/2025\/11\/Ralph-Vaughan-Williams-c.1920-235x300.jpg 235w\" sizes=\"auto, (max-width: 500px) 100vw, 500px\" \/><figcaption class=\"wp-element-caption\">Ralph Vaughan Williams c.1920<\/figcaption><\/figure>\n\n\n\n<figure class=\"wp-block-image size-full\"><a href=\"https:\/\/ensemble.cymru\/wp-content\/uploads\/2025\/11\/Darius-Milhaud-c.1920.jpg\"><img loading=\"lazy\" decoding=\"async\" width=\"450\" height=\"572\" data-id=\"27439\" src=\"https:\/\/ensemble.cymru\/wp-content\/uploads\/2025\/11\/Darius-Milhaud-c.1920.jpg\" alt=\"\" class=\"wp-image-27439\" srcset=\"https:\/\/ensemble.cymru\/wp-content\/uploads\/2025\/11\/Darius-Milhaud-c.1920.jpg 450w, https:\/\/ensemble.cymru\/wp-content\/uploads\/2025\/11\/Darius-Milhaud-c.1920-236x300.jpg 236w\" sizes=\"auto, (max-width: 450px) 100vw, 450px\" \/><\/a><figcaption class=\"wp-element-caption\">Darius Milhaud c.1920<\/figcaption><\/figure>\n<\/figure>\n\n\n\n<p>Mae&#8217;n rhaid bod y si wedi mynd ar led wrth i ganeuon i&#8217;r llais a&#8217;r feiol\u00edn ddod o bob cyfeiriad gan rai fel Gustav Holst, Darius Milhaud, Heitor Villa-Lobos a Rebecca Clarke, am ychydig flynyddoedd, heb s\u00f4n am gyfarwyddwr cerdd Neuadd Gregynog ei hun, Walford Davies, a osododd Shepherd Boy\u2019s Song\u2019 yn 1917, y mae llawysgrif ohoni&#8217;n cael ei chadw yn archif y RCM. Ychydig a wyddom am gyfraniad Milhaud o 1923, a osododd 4 cerdd gan y bardd o Rufain aius Valerius Catullus, a gyfieithwyd i&#8217;r Ffrangeg. Maedd Milhaud yn feiolinydd arall, ac roedd y darn i&#8217;r feiol\u00edn yn dangos gorchestwaith technegol sylweddol, gyda gwasgiadau dwbl (hynny yw, dau linyn neu fwy yn ffurfio cordiau a harmon\u00efau) yn dilyn ei gilydd yn sydyn, ynghyd \u00e2 byseddu a bwa nodi&#8217;r cyfansoddwr, bob amser yn ategu at y llais a&#8217;i feithrin.<\/p>\n\n\n\n<figure class=\"wp-block-gallery has-nested-images columns-default is-cropped wp-block-gallery-2 is-layout-flex wp-block-gallery-is-layout-flex\">\n<figure class=\"wp-block-image size-large\"><a href=\"https:\/\/ensemble.cymru\/wp-content\/uploads\/2025\/11\/Rebecca-Clarke-c.1908.jpg\"><img loading=\"lazy\" decoding=\"async\" width=\"560\" height=\"635\" data-id=\"27442\" src=\"https:\/\/ensemble.cymru\/wp-content\/uploads\/2025\/11\/Rebecca-Clarke-c.1908.jpg\" alt=\"\" class=\"wp-image-27442\" srcset=\"https:\/\/ensemble.cymru\/wp-content\/uploads\/2025\/11\/Rebecca-Clarke-c.1908.jpg 560w, https:\/\/ensemble.cymru\/wp-content\/uploads\/2025\/11\/Rebecca-Clarke-c.1908-265x300.jpg 265w\" sizes=\"auto, (max-width: 560px) 100vw, 560px\" \/><\/a><figcaption class=\"wp-element-caption\">Rebecca Clarke c.1908<\/figcaption><\/figure>\n\n\n\n<figure class=\"wp-block-image size-large\"><a href=\"https:\/\/ensemble.cymru\/wp-content\/uploads\/2025\/11\/handbill-dated-in-Clarkes-hand-this-concert-included-the-Old-English-Songs-web-819x1024.jpg\"><img loading=\"lazy\" decoding=\"async\" width=\"819\" height=\"1024\" data-id=\"27440\" src=\"https:\/\/ensemble.cymru\/wp-content\/uploads\/2025\/11\/handbill-dated-in-Clarkes-hand-this-concert-included-the-Old-English-Songs-web-819x1024.jpg\" alt=\"handbill, dated in Clarke's hand; this concert included the Old English Songs\" class=\"wp-image-27440\" srcset=\"https:\/\/ensemble.cymru\/wp-content\/uploads\/2025\/11\/handbill-dated-in-Clarkes-hand-this-concert-included-the-Old-English-Songs-web-819x1024.jpg 819w, https:\/\/ensemble.cymru\/wp-content\/uploads\/2025\/11\/handbill-dated-in-Clarkes-hand-this-concert-included-the-Old-English-Songs-web-240x300.jpg 240w, https:\/\/ensemble.cymru\/wp-content\/uploads\/2025\/11\/handbill-dated-in-Clarkes-hand-this-concert-included-the-Old-English-Songs-web-768x960.jpg 768w, https:\/\/ensemble.cymru\/wp-content\/uploads\/2025\/11\/handbill-dated-in-Clarkes-hand-this-concert-included-the-Old-English-Songs-web.jpg 1118w\" sizes=\"auto, (max-width: 819px) 100vw, 819px\" \/><\/a><figcaption class=\"wp-element-caption\">handbill, dated in Clarke&#8217;s hand<\/figcaption><\/figure>\n<\/figure>\n\n\n\n<p>Roedd Rebecca Clarke yn chwaraewr fiola adnabyddus yn rhyngwladol a ddaeth i amlygrwydd yn ystod y 1020au oherwydd ei chwarae a&#8217;i gwaith siambr grymus. Yn ei \u201cThree Old English Songs\u201d (1924) a \u201cThree Irish Country Songs\u201d (1926), mae Clarke yn rhoi&#8217;r feiol\u00edn a&#8217;r llais ar waith yn gyfartal &#8211; yn wir, mae&#8217;r feiol\u00edn weithiau yn fwy mynegiannol na&#8217;r llais, er nad oes ganddi eiriau! Roedd Clarke a Vaughan Williams yn ffrindiau agos, yn perfformio gyda&#8217;i gilydd yn aml ac yn rhannu syniadau, felly mae&#8217;n dra thebygol y byddai caneuon Clarke wedi sbarduno Vaughan Williams i ddychwelyd i&#8217;r genre llais\/feiol\u00edn. Yn 1927 fe greoedd gylch o 8 c\u00e2n o dan y teitl &#8216;Along the field&#8217;, gan brofi unwaith eto bod y feiol\u00edn a&#8217;r llais wirioneddol yn gymheiriaid gwych a naturiol.<\/p>\n\n\n\n<h2 class=\"wp-block-heading\">Musicians<\/h2>\n\n\n\n<ul class=\"wp-block-list\">\n<li>Elenid Owen \u2013 feiol\u00edn<\/li>\n\n\n\n<li>Alys Mererid \u2013 soprano<\/li>\n<\/ul>\n\n\n\n<h2 class=\"wp-block-heading\">Programme<\/h2>\n\n\n\n<ul class=\"wp-block-list\">\n<li><strong>Rebecca Clarke<\/strong> (1886-1979) Tair Hen G\u00e2n Saesneg (1924) 6\u00bd\u2019<\/li>\n\n\n\n<li><strong>Ralph Vaughan Williams<\/strong> (1872-1958) Caneuon o \u2018Along the Field\u2019 (1927) 6\u2019<\/li>\n\n\n\n<li><strong>Darius Milhaud<\/strong> (1892-1974) Quatre Po\u00e8mes de Catulle, Op.80 (1923) 4\u00bd\u2018<\/li>\n\n\n\n<li><strong>Rebecca Clarke<\/strong> (1886-1979) Tair o Ganeuon Gwlad o&#8217;r Iwerddon (1926) 6\u00bd\u2019<\/li>\n\n\n\n<li><strong>Ralph Vaughan Williams <\/strong>(1872-1958) Dwy g\u00e2n werin o Loegr (1913) 5\u00bd\u2019<\/li>\n<\/ul>\n\n\n\n<h2 class=\"wp-block-heading\">Events<\/h2>\n\n\n\n<ul class=\"wp-block-list\">\n<li>11.00am, Dydd Sadwrn 8 Tachwedd 2025, Ystafell Gerdd, Neuadd Gregynog<\/li>\n\n\n\n<li>4.00pm, Dydd Sadwrn 8 Tachwedd 2025, Theatr y Ddraig, Abermaw<\/li>\n\n\n\n<li>4.00pm, Dydd Sul 9 Tachwedd 2025, Eglwys y Santes Fair, Conwy<\/li>\n\n\n\n<li>11.00am, Dydd Llun 10 Tachwedd 2025, Neuadd Dwyfor, Pwllheli<\/li>\n<\/ul>\n\n\n\n<p><\/p>\n","protected":false},"excerpt":{"rendered":"<p>gan Jonathan Lyness Curadur y Rhaglen Dywedir yn aml mai&#8217;r sielo yw&#8217;r offeryn gorau i efelychu&#8217;r llais dynol. Ac mai&#8217;r piano neu git\u00e2r yw&#8217;r offerynnau gorau i gyfeilio i&#8217;r llais. Ond pa offeryn sydd orau i gyfathrebu \u00e2&#8217;r llais? Yn sicr, yr ateb yw&#8217;r feiol\u00edn. Mae gan y ddau &#8216;offeryn&#8217; &#8211; y llais a&#8217;r feiol\u00edn&hellip; <a class=\"more-link\" href=\"https:\/\/ensemble.cymru\/cy\/darganfod-cerddoriaeth-siambr\/cymheiriaid-naturiol-llais-a-feiolin\/\">Parhau i ddarllen <span class=\"screen-reader-text\">Cymheiriaid naturiol &#8211; llais a feiol\u00edn<\/span><\/a><\/p>\n","protected":false},"author":54,"featured_media":0,"parent":27018,"menu_order":0,"comment_status":"closed","ping_status":"closed","template":"","meta":{"inline_featured_image":false,"footnotes":""},"class_list":["post-27449","page","type-page","status-publish","hentry","entry"],"yoast_head":"<!-- This site is optimized with the Yoast SEO plugin v27.5 - https:\/\/yoast.com\/product\/yoast-seo-wordpress\/ -->\n<title>Cymheiriaid naturiol - llais a feiol\u00edn - Ensemble Cymru<\/title>\n<meta name=\"robots\" content=\"index, follow, max-snippet:-1, max-image-preview:large, max-video-preview:-1\" \/>\n<link rel=\"canonical\" href=\"https:\/\/ensemble.cymru\/cy\/darganfod-cerddoriaeth-siambr\/cymheiriaid-naturiol-llais-a-feiolin\/\" \/>\n<meta property=\"og:locale\" content=\"en_US\" \/>\n<meta property=\"og:type\" content=\"article\" \/>\n<meta property=\"og:title\" content=\"Cymheiriaid naturiol - llais a feiol\u00edn - Ensemble Cymru\" \/>\n<meta property=\"og:description\" content=\"gan Jonathan Lyness Curadur y Rhaglen Dywedir yn aml mai&#8217;r sielo yw&#8217;r offeryn gorau i efelychu&#8217;r llais dynol. Ac mai&#8217;r piano neu git\u00e2r yw&#8217;r offerynnau gorau i gyfeilio i&#8217;r llais. Ond pa offeryn sydd orau i gyfathrebu \u00e2&#8217;r llais? Yn sicr, yr ateb yw&#8217;r feiol\u00edn. Mae gan y ddau &#8216;offeryn&#8217; &#8211; y llais a&#8217;r feiol\u00edn&hellip; Parhau i ddarllen Cymheiriaid naturiol &#8211; llais a feiol\u00edn\" \/>\n<meta property=\"og:url\" content=\"https:\/\/ensemble.cymru\/cy\/darganfod-cerddoriaeth-siambr\/cymheiriaid-naturiol-llais-a-feiolin\/\" \/>\n<meta property=\"og:site_name\" content=\"Ensemble Cymru\" \/>\n<meta property=\"article:publisher\" content=\"https:\/\/www.facebook.com\/EnsCymru\/\" \/>\n<meta property=\"article:modified_time\" content=\"2025-11-06T14:35:46+00:00\" \/>\n<meta property=\"og:image\" content=\"https:\/\/ensemble.cymru\/wp-content\/uploads\/2025\/11\/Ralph-Vaughan-Williams-c.1920.jpg\" \/>\n\t<meta property=\"og:image:width\" content=\"500\" \/>\n\t<meta property=\"og:image:height\" content=\"637\" \/>\n\t<meta property=\"og:image:type\" content=\"image\/jpeg\" \/>\n<meta name=\"twitter:card\" content=\"summary_large_image\" \/>\n<meta name=\"twitter:site\" content=\"@EnsCymru\" \/>\n<meta name=\"twitter:label1\" content=\"Est. reading time\" \/>\n\t<meta name=\"twitter:data1\" content=\"4 munud\" \/>\n<script type=\"application\/ld+json\" class=\"yoast-schema-graph\">{\"@context\":\"https:\\\/\\\/schema.org\",\"@graph\":[{\"@type\":\"WebPage\",\"@id\":\"https:\\\/\\\/ensemble.cymru\\\/cy\\\/darganfod-cerddoriaeth-siambr\\\/cymheiriaid-naturiol-llais-a-feiolin\\\/\",\"url\":\"https:\\\/\\\/ensemble.cymru\\\/cy\\\/darganfod-cerddoriaeth-siambr\\\/cymheiriaid-naturiol-llais-a-feiolin\\\/\",\"name\":\"Cymheiriaid naturiol - llais a feiol\u00edn - Ensemble Cymru\",\"isPartOf\":{\"@id\":\"https:\\\/\\\/ensemble.cymru\\\/cy\\\/#website\"},\"primaryImageOfPage\":{\"@id\":\"https:\\\/\\\/ensemble.cymru\\\/cy\\\/darganfod-cerddoriaeth-siambr\\\/cymheiriaid-naturiol-llais-a-feiolin\\\/#primaryimage\"},\"image\":{\"@id\":\"https:\\\/\\\/ensemble.cymru\\\/cy\\\/darganfod-cerddoriaeth-siambr\\\/cymheiriaid-naturiol-llais-a-feiolin\\\/#primaryimage\"},\"thumbnailUrl\":\"https:\\\/\\\/ensemble.cymru\\\/wp-content\\\/uploads\\\/2025\\\/11\\\/Ralph-Vaughan-Williams-c.1920.jpg\",\"datePublished\":\"2025-11-06T14:35:45+00:00\",\"dateModified\":\"2025-11-06T14:35:46+00:00\",\"breadcrumb\":{\"@id\":\"https:\\\/\\\/ensemble.cymru\\\/cy\\\/darganfod-cerddoriaeth-siambr\\\/cymheiriaid-naturiol-llais-a-feiolin\\\/#breadcrumb\"},\"inLanguage\":\"cy\",\"potentialAction\":[{\"@type\":\"ReadAction\",\"target\":[\"https:\\\/\\\/ensemble.cymru\\\/cy\\\/darganfod-cerddoriaeth-siambr\\\/cymheiriaid-naturiol-llais-a-feiolin\\\/\"]}]},{\"@type\":\"ImageObject\",\"inLanguage\":\"cy\",\"@id\":\"https:\\\/\\\/ensemble.cymru\\\/cy\\\/darganfod-cerddoriaeth-siambr\\\/cymheiriaid-naturiol-llais-a-feiolin\\\/#primaryimage\",\"url\":\"https:\\\/\\\/ensemble.cymru\\\/wp-content\\\/uploads\\\/2025\\\/11\\\/Ralph-Vaughan-Williams-c.1920.jpg\",\"contentUrl\":\"https:\\\/\\\/ensemble.cymru\\\/wp-content\\\/uploads\\\/2025\\\/11\\\/Ralph-Vaughan-Williams-c.1920.jpg\"},{\"@type\":\"BreadcrumbList\",\"@id\":\"https:\\\/\\\/ensemble.cymru\\\/cy\\\/darganfod-cerddoriaeth-siambr\\\/cymheiriaid-naturiol-llais-a-feiolin\\\/#breadcrumb\",\"itemListElement\":[{\"@type\":\"ListItem\",\"position\":1,\"name\":\"Home\",\"item\":\"https:\\\/\\\/ensemble.cymru\\\/cy\\\/\"},{\"@type\":\"ListItem\",\"position\":2,\"name\":\"Darganfod Cerddoriaeth Siambr\",\"item\":\"https:\\\/\\\/ensemble.cymru\\\/cy\\\/darganfod-cerddoriaeth-siambr\\\/\"},{\"@type\":\"ListItem\",\"position\":3,\"name\":\"Cymheiriaid naturiol &#8211; llais a feiol\u00edn\"}]},{\"@type\":\"WebSite\",\"@id\":\"https:\\\/\\\/ensemble.cymru\\\/cy\\\/#website\",\"url\":\"https:\\\/\\\/ensemble.cymru\\\/cy\\\/\",\"name\":\"Ensemble Cymru\",\"description\":\"\",\"publisher\":{\"@id\":\"https:\\\/\\\/ensemble.cymru\\\/cy\\\/#organization\"},\"potentialAction\":[{\"@type\":\"SearchAction\",\"target\":{\"@type\":\"EntryPoint\",\"urlTemplate\":\"https:\\\/\\\/ensemble.cymru\\\/cy\\\/?s={search_term_string}\"},\"query-input\":{\"@type\":\"PropertyValueSpecification\",\"valueRequired\":true,\"valueName\":\"search_term_string\"}}],\"inLanguage\":\"cy\"},{\"@type\":\"Organization\",\"@id\":\"https:\\\/\\\/ensemble.cymru\\\/cy\\\/#organization\",\"name\":\"Ensemble Cymru\",\"url\":\"https:\\\/\\\/ensemble.cymru\\\/cy\\\/\",\"logo\":{\"@type\":\"ImageObject\",\"inLanguage\":\"cy\",\"@id\":\"https:\\\/\\\/ensemble.cymru\\\/cy\\\/#\\\/schema\\\/logo\\\/image\\\/\",\"url\":\"https:\\\/\\\/ensemble.cymru\\\/wp-content\\\/uploads\\\/2024\\\/08\\\/2019-09-02EnsembleSquareLogo.png\",\"contentUrl\":\"https:\\\/\\\/ensemble.cymru\\\/wp-content\\\/uploads\\\/2024\\\/08\\\/2019-09-02EnsembleSquareLogo.png\",\"width\":320,\"height\":320,\"caption\":\"Ensemble Cymru\"},\"image\":{\"@id\":\"https:\\\/\\\/ensemble.cymru\\\/cy\\\/#\\\/schema\\\/logo\\\/image\\\/\"},\"sameAs\":[\"https:\\\/\\\/www.facebook.com\\\/EnsCymru\\\/\",\"https:\\\/\\\/x.com\\\/EnsCymru\",\"https:\\\/\\\/www.instagram.com\\\/enscymru\"]}]}<\/script>\n<!-- \/ Yoast SEO plugin. -->","yoast_head_json":{"title":"Cymheiriaid naturiol - llais a feiol\u00edn - Ensemble Cymru","robots":{"index":"index","follow":"follow","max-snippet":"max-snippet:-1","max-image-preview":"max-image-preview:large","max-video-preview":"max-video-preview:-1"},"canonical":"https:\/\/ensemble.cymru\/cy\/darganfod-cerddoriaeth-siambr\/cymheiriaid-naturiol-llais-a-feiolin\/","og_locale":"en_US","og_type":"article","og_title":"Cymheiriaid naturiol - llais a feiol\u00edn - Ensemble Cymru","og_description":"gan Jonathan Lyness Curadur y Rhaglen Dywedir yn aml mai&#8217;r sielo yw&#8217;r offeryn gorau i efelychu&#8217;r llais dynol. Ac mai&#8217;r piano neu git\u00e2r yw&#8217;r offerynnau gorau i gyfeilio i&#8217;r llais. Ond pa offeryn sydd orau i gyfathrebu \u00e2&#8217;r llais? Yn sicr, yr ateb yw&#8217;r feiol\u00edn. Mae gan y ddau &#8216;offeryn&#8217; &#8211; y llais a&#8217;r feiol\u00edn&hellip; Parhau i ddarllen Cymheiriaid naturiol &#8211; llais a feiol\u00edn","og_url":"https:\/\/ensemble.cymru\/cy\/darganfod-cerddoriaeth-siambr\/cymheiriaid-naturiol-llais-a-feiolin\/","og_site_name":"Ensemble Cymru","article_publisher":"https:\/\/www.facebook.com\/EnsCymru\/","article_modified_time":"2025-11-06T14:35:46+00:00","og_image":[{"width":500,"height":637,"url":"https:\/\/ensemble.cymru\/wp-content\/uploads\/2025\/11\/Ralph-Vaughan-Williams-c.1920.jpg","type":"image\/jpeg"}],"twitter_card":"summary_large_image","twitter_site":"@EnsCymru","twitter_misc":{"Est. reading time":"4 munud"},"schema":{"@context":"https:\/\/schema.org","@graph":[{"@type":"WebPage","@id":"https:\/\/ensemble.cymru\/cy\/darganfod-cerddoriaeth-siambr\/cymheiriaid-naturiol-llais-a-feiolin\/","url":"https:\/\/ensemble.cymru\/cy\/darganfod-cerddoriaeth-siambr\/cymheiriaid-naturiol-llais-a-feiolin\/","name":"Cymheiriaid naturiol - llais a feiol\u00edn - Ensemble Cymru","isPartOf":{"@id":"https:\/\/ensemble.cymru\/cy\/#website"},"primaryImageOfPage":{"@id":"https:\/\/ensemble.cymru\/cy\/darganfod-cerddoriaeth-siambr\/cymheiriaid-naturiol-llais-a-feiolin\/#primaryimage"},"image":{"@id":"https:\/\/ensemble.cymru\/cy\/darganfod-cerddoriaeth-siambr\/cymheiriaid-naturiol-llais-a-feiolin\/#primaryimage"},"thumbnailUrl":"https:\/\/ensemble.cymru\/wp-content\/uploads\/2025\/11\/Ralph-Vaughan-Williams-c.1920.jpg","datePublished":"2025-11-06T14:35:45+00:00","dateModified":"2025-11-06T14:35:46+00:00","breadcrumb":{"@id":"https:\/\/ensemble.cymru\/cy\/darganfod-cerddoriaeth-siambr\/cymheiriaid-naturiol-llais-a-feiolin\/#breadcrumb"},"inLanguage":"cy","potentialAction":[{"@type":"ReadAction","target":["https:\/\/ensemble.cymru\/cy\/darganfod-cerddoriaeth-siambr\/cymheiriaid-naturiol-llais-a-feiolin\/"]}]},{"@type":"ImageObject","inLanguage":"cy","@id":"https:\/\/ensemble.cymru\/cy\/darganfod-cerddoriaeth-siambr\/cymheiriaid-naturiol-llais-a-feiolin\/#primaryimage","url":"https:\/\/ensemble.cymru\/wp-content\/uploads\/2025\/11\/Ralph-Vaughan-Williams-c.1920.jpg","contentUrl":"https:\/\/ensemble.cymru\/wp-content\/uploads\/2025\/11\/Ralph-Vaughan-Williams-c.1920.jpg"},{"@type":"BreadcrumbList","@id":"https:\/\/ensemble.cymru\/cy\/darganfod-cerddoriaeth-siambr\/cymheiriaid-naturiol-llais-a-feiolin\/#breadcrumb","itemListElement":[{"@type":"ListItem","position":1,"name":"Home","item":"https:\/\/ensemble.cymru\/cy\/"},{"@type":"ListItem","position":2,"name":"Darganfod Cerddoriaeth Siambr","item":"https:\/\/ensemble.cymru\/cy\/darganfod-cerddoriaeth-siambr\/"},{"@type":"ListItem","position":3,"name":"Cymheiriaid naturiol &#8211; llais a feiol\u00edn"}]},{"@type":"WebSite","@id":"https:\/\/ensemble.cymru\/cy\/#website","url":"https:\/\/ensemble.cymru\/cy\/","name":"Ensemble Cymru","description":"","publisher":{"@id":"https:\/\/ensemble.cymru\/cy\/#organization"},"potentialAction":[{"@type":"SearchAction","target":{"@type":"EntryPoint","urlTemplate":"https:\/\/ensemble.cymru\/cy\/?s={search_term_string}"},"query-input":{"@type":"PropertyValueSpecification","valueRequired":true,"valueName":"search_term_string"}}],"inLanguage":"cy"},{"@type":"Organization","@id":"https:\/\/ensemble.cymru\/cy\/#organization","name":"Ensemble Cymru","url":"https:\/\/ensemble.cymru\/cy\/","logo":{"@type":"ImageObject","inLanguage":"cy","@id":"https:\/\/ensemble.cymru\/cy\/#\/schema\/logo\/image\/","url":"https:\/\/ensemble.cymru\/wp-content\/uploads\/2024\/08\/2019-09-02EnsembleSquareLogo.png","contentUrl":"https:\/\/ensemble.cymru\/wp-content\/uploads\/2024\/08\/2019-09-02EnsembleSquareLogo.png","width":320,"height":320,"caption":"Ensemble Cymru"},"image":{"@id":"https:\/\/ensemble.cymru\/cy\/#\/schema\/logo\/image\/"},"sameAs":["https:\/\/www.facebook.com\/EnsCymru\/","https:\/\/x.com\/EnsCymru","https:\/\/www.instagram.com\/enscymru"]}]}},"_links":{"self":[{"href":"https:\/\/ensemble.cymru\/cy\/wp-json\/wp\/v2\/pages\/27449","targetHints":{"allow":["GET"]}}],"collection":[{"href":"https:\/\/ensemble.cymru\/cy\/wp-json\/wp\/v2\/pages"}],"about":[{"href":"https:\/\/ensemble.cymru\/cy\/wp-json\/wp\/v2\/types\/page"}],"author":[{"embeddable":true,"href":"https:\/\/ensemble.cymru\/cy\/wp-json\/wp\/v2\/users\/54"}],"replies":[{"embeddable":true,"href":"https:\/\/ensemble.cymru\/cy\/wp-json\/wp\/v2\/comments?post=27449"}],"version-history":[{"count":2,"href":"https:\/\/ensemble.cymru\/cy\/wp-json\/wp\/v2\/pages\/27449\/revisions"}],"predecessor-version":[{"id":27452,"href":"https:\/\/ensemble.cymru\/cy\/wp-json\/wp\/v2\/pages\/27449\/revisions\/27452"}],"up":[{"embeddable":true,"href":"https:\/\/ensemble.cymru\/cy\/wp-json\/wp\/v2\/pages\/27018"}],"wp:attachment":[{"href":"https:\/\/ensemble.cymru\/cy\/wp-json\/wp\/v2\/media?parent=27449"}],"curies":[{"name":"wp","href":"https:\/\/api.w.org\/{rel}","templated":true}]}}