{"id":27716,"date":"2026-04-29T15:02:06","date_gmt":"2026-04-29T15:02:06","guid":{"rendered":"https:\/\/ensemble.cymru\/?page_id=27716"},"modified":"2026-04-29T15:50:08","modified_gmt":"2026-04-29T15:50:08","slug":"seasons-of-mists-and-mellow-fruitfulness","status":"publish","type":"page","link":"https:\/\/ensemble.cymru\/cy\/darganfod-cerddoriaeth-siambr\/seasons-of-mists-and-mellow-fruitfulness\/","title":{"rendered":"\u201cSeasons of mists and mellow fruitfulness\u201d"},"content":{"rendered":"\n<p>gan Jonathan Lyness <br><em>Curadur y Rhaglen<\/em><\/p>\n\n\n\n<p>Rwyf bob amser yn meddwl am y clarin\u00e9t fel offeryn hydrefol. Mae\u2019n fy atgoffa o\u2019r gerdd fendigedig gan John Keats,<br><em>To Autumn,<\/em> a ysgrifennwyd tuag at ddiwedd ei oes, gyda\u2019i linellau agoriadol <em>\u201cSeason of mists and mellow fruitfulness, Close bosom-friend of the maturing sun\u201d<\/em> .<\/p>\n\n\n\n<figure class=\"wp-block-image size-large\"><a href=\"https:\/\/ensemble.cymru\/wp-content\/uploads\/2026\/04\/John-Keats-To-Autumn-autograph-manuscript-837x1024.jpg\"><img loading=\"lazy\" decoding=\"async\" width=\"837\" height=\"1024\" src=\"https:\/\/ensemble.cymru\/wp-content\/uploads\/2026\/04\/John-Keats-To-Autumn-autograph-manuscript-837x1024.jpg\" alt=\"\" class=\"wp-image-27711\" srcset=\"https:\/\/ensemble.cymru\/wp-content\/uploads\/2026\/04\/John-Keats-To-Autumn-autograph-manuscript-837x1024.jpg 837w, https:\/\/ensemble.cymru\/wp-content\/uploads\/2026\/04\/John-Keats-To-Autumn-autograph-manuscript-245x300.jpg 245w, https:\/\/ensemble.cymru\/wp-content\/uploads\/2026\/04\/John-Keats-To-Autumn-autograph-manuscript-768x939.jpg 768w, https:\/\/ensemble.cymru\/wp-content\/uploads\/2026\/04\/John-Keats-To-Autumn-autograph-manuscript.jpg 1032w\" sizes=\"auto, (max-width: 837px) 100vw, 837px\" \/><\/a><figcaption class=\"wp-element-caption\">John Keats, To Autumn, autograph manuscript<\/figcaption><\/figure>\n\n\n\n<p>Roedd Brahms, tuag at ddiwedd ei oes, wedi ymddeol o gyfansoddi, ond wedi hynny, clywodd y clarinetydd Richard M\u00fchlfeld yn chwarae Clarinet Concerto No.1. o waith Carl Maria von Weber. Ysbrydolodd chwarae M\u00fchlfeld Brahms i gyfansoddi pedwar campwaith clarin\u00e9t rhagorol, gan gynnwys dwy sonata. Efallai, i Brahms, fod y cyfan yn gwneud synnwyr perffaith, y cyfansoddwr yn cysylltu aeddfedrwydd hydrefol y clarin\u00e9t ag ymdeimlad o heddwch a llonyddwch gorffwysol. Ac efallai, fel unigolyn a fu\u2019n anlwcus yn rhamantaidd, ei fod yn adnabod Keats&#8230;<\/p>\n\n\n\n<figure class=\"wp-block-image size-full\"><a href=\"https:\/\/ensemble.cymru\/wp-content\/uploads\/2026\/04\/Johannes-Brahms-and-Richard-Muhlfeld.jpg\"><img loading=\"lazy\" decoding=\"async\" width=\"1018\" height=\"678\" src=\"https:\/\/ensemble.cymru\/wp-content\/uploads\/2026\/04\/Johannes-Brahms-and-Richard-Muhlfeld.jpg\" alt=\"\" class=\"wp-image-27710\" srcset=\"https:\/\/ensemble.cymru\/wp-content\/uploads\/2026\/04\/Johannes-Brahms-and-Richard-Muhlfeld.jpg 1018w, https:\/\/ensemble.cymru\/wp-content\/uploads\/2026\/04\/Johannes-Brahms-and-Richard-Muhlfeld-300x200.jpg 300w, https:\/\/ensemble.cymru\/wp-content\/uploads\/2026\/04\/Johannes-Brahms-and-Richard-Muhlfeld-768x511.jpg 768w\" sizes=\"auto, (max-width: 1018px) 100vw, 1018px\" \/><\/a><figcaption class=\"wp-element-caption\">Johannes Brahms a Richard Mu\u0308hlfeld<\/figcaption><\/figure>\n\n\n\n<p>Rheswm arall pam fod mod i\u2019n bersonol yn cysylltu\u2019r clarin\u00e9t ag adran \u2018aeddfed\u2019 fy mywyd yw bod fy nhaid yn arfer chwarae\u2019r offeryn. Gallaf ei weld yn chwarae o hyd, gyda fy nhad wrth y piano. Dysgodd fy mrawd h\u0177n i chwarae\u2019r fiola, a phan nad oeddent oll gyda\u2019i gilydd yn chwarae <em>Kegelstatt trio<\/em> Mozart (a berfformiwyd gan EC flwyddyn yn \u00f4l), roeddent yn brysur yn chwarae sonat\u00e2u clarin\u00e9t Brahms ar wah\u00e2n. Gall y sonat\u00e2u clarin\u00e9t gael eu chwarae ar y clarin\u00e9t ac ar y fiola. Mae chwaraewyr fiola\u2019n aml yn dwyn repertoire y clarin\u00e9t, er yn yr achos hwn, creodd Brahms fersiynau\u2019n arbennig ar gyfer y fiola. Felly, cefais fy magu yn eu clywed yn chwarae\u2019r ddau offeryn, a gallaf eu dychmygu\u2019n eu chwarae o hyd!<\/p>\n\n\n\n<p>Yn \u00f4l yn 1811, roedd Weber wedi ysgrifennu ei ddau goncerto clarin\u00e9t yn F leiaf ac E fflat fwyaf, a thalodd Brahms deyrnged iddo drwy gyfansoddi ei ddwy sonata ef yn yr un cyweiriau. Mae\u2019r sonata E fflat fwyaf mewn tri symudiad, yn fras, ar ffurf araf-cyflym-araf, gyda symudiad canol angerddol a chynhyrfus. Mae\u2019r symudiad cyntaf yn agor yn syml ac yn osgeiddig gydag un o\u2019r them\u00e2u arddull Brahms hynny sy\u2019n teimlo fel y gallai barhau am byth, ac mae\u2019r symudiad tyner olaf yn gorffen gyda thipyn o addurnwaith. Mae\u2019r mynegiant a\u2019r crefftwaith drwy gydol y darn yn gwbl fendigedig ac yn arddangos bod pwerau Brahms, ac yntau\u2019n 61 oed, yn parhau i fod ar eu hanterth, yn union fel yr oedd Verdi flwyddyn ynghynt pan berfformiwyd ei opera <em>Falstaff<\/em> am y tro cyntaf, ac yntau\u2019n 79 oed! Mae cyfansoddwyr yn cyfansoddi\u2019n ddibendraw&#8230;<\/p>\n\n\n\n<p>Mae Sonata Clarinet Poulenc o 1962 hefyd yn gorffen gyda thipyn o addurnwaith, ac fel yn achos Brahms, ysgrifennwyd y gwaith ar ddiwedd ei oes &#8211; ni fu fyw i\u2019w glywed erioed. Gyda hyn, fodd bynnag, mae\u2019r tebygrwydd i Brahms yn dod i ben. Mae\u2019r tri symudiad, yn fras, yn dilyn y patrwm cyflym-araf-cyflym, yn groes i Brahms, er bod gan y symudiad agoriadol adran ganolog araf. Mae Polenc wedi rhoi ei stamp ei hun dros y gwaith i gyd, gyda rhythmau taro pigog a harmon\u00efau tirion. Yn wahanol i waith Brahms, nid yw gwaith Poulenc, gyda\u2019i neidiau a\u2019i addurnwaith, yn addas ar gyfer y fiola. Mae bron fel petai Poulenc yn ymwybodol o chwaraewyr fiola\u2019n prowlan ac yn ceisio eu cadw draw! Perfformiwyd y gwaith am y tro cyntaf gan Benny Goodman a Leonard Bernstein; credaf fod hynny\u2019n dweud y cyfan.<\/p>\n\n\n\n<figure class=\"wp-block-image size-large\"><a href=\"https:\/\/ensemble.cymru\/wp-content\/uploads\/2026\/04\/Benny-Goodman-and-Leonard-Bernstein-1024x1024.jpg\"><img loading=\"lazy\" decoding=\"async\" width=\"1024\" height=\"1024\" src=\"https:\/\/ensemble.cymru\/wp-content\/uploads\/2026\/04\/Benny-Goodman-and-Leonard-Bernstein-1024x1024.jpg\" alt=\"\" class=\"wp-image-27709\" srcset=\"https:\/\/ensemble.cymru\/wp-content\/uploads\/2026\/04\/Benny-Goodman-and-Leonard-Bernstein-1024x1024.jpg 1024w, https:\/\/ensemble.cymru\/wp-content\/uploads\/2026\/04\/Benny-Goodman-and-Leonard-Bernstein-300x300.jpg 300w, https:\/\/ensemble.cymru\/wp-content\/uploads\/2026\/04\/Benny-Goodman-and-Leonard-Bernstein-150x150.jpg 150w, https:\/\/ensemble.cymru\/wp-content\/uploads\/2026\/04\/Benny-Goodman-and-Leonard-Bernstein-768x768.jpg 768w, https:\/\/ensemble.cymru\/wp-content\/uploads\/2026\/04\/Benny-Goodman-and-Leonard-Bernstein.jpg 1198w\" sizes=\"auto, (max-width: 1024px) 100vw, 1024px\" \/><\/a><figcaption class=\"wp-element-caption\">Benny Goodman a Leonard Bernstein<\/figcaption><\/figure>\n\n\n\n<h2 class=\"wp-block-heading\">Cerddorion<\/h2>\n\n\n\n<ul class=\"wp-block-list\">\n<li><a href=\"https:\/\/ensemble.cymru\/cy\/perfformwyr\/clarinet-christopher-goodman\/\" type=\"performers\" id=\"27101\">Chris Goodman<\/a>\u2013 clarin\u00e9t<\/li>\n\n\n\n<li><a href=\"https:\/\/ensemble.cymru\/cy\/perfformwyr\/piano-richard-ormrod\/\" type=\"performers\" id=\"6186\">Richard Ormrod<\/a> \u2013 piano<\/li>\n<\/ul>\n\n\n\n<h2 class=\"wp-block-heading\">Rhaglen<\/h2>\n\n\n\n<ul class=\"wp-block-list\">\n<li><strong>Johannes Brahms<\/strong> &#8211; Sonata Op. 120 No. 2 in E-flat major for Clarinet and Piano (1894)<\/li>\n\n\n\n<li><strong>Francis Poulenc<\/strong> &#8211; Sonata for Clarinet and Piano (1962)<\/li>\n\n\n\n<li><strong>Elisabeth Lutyens<\/strong> &#8211; 5 Little Pieces for Clarinet and Piano (1945)<\/li>\n<\/ul>\n\n\n\n<h2 class=\"wp-block-heading\">Digwyddiadau<\/h2>\n\n\n\n<ul class=\"wp-block-list\">\n<li>11.00am, Sad 9 Mai 2026, Neuadd Gregynog, Tregynon<\/li>\n\n\n\n<li>11.00am, Sul 10 Mai 2026, Theatr y Ddraig, Abermawr<\/li>\n\n\n\n<li>4.00pm, Sul 10 Mai 2026, Eglwys Santes Fair, Conwy<\/li>\n\n\n\n<li>11.00am, Llun 11 Mai 2026, Neuadd Dwyfor, Pwllheli<\/li>\n<\/ul>\n","protected":false},"excerpt":{"rendered":"<p>gan Jonathan Lyness Curadur y Rhaglen Rwyf bob amser yn meddwl am y clarin\u00e9t fel offeryn hydrefol. Mae\u2019n fy atgoffa o\u2019r gerdd fendigedig gan John Keats,To Autumn, a ysgrifennwyd tuag at ddiwedd ei oes, gyda\u2019i linellau agoriadol \u201cSeason of mists and mellow fruitfulness, Close bosom-friend of the maturing sun\u201d . Roedd Brahms, tuag at ddiwedd&hellip; <a class=\"more-link\" href=\"https:\/\/ensemble.cymru\/cy\/darganfod-cerddoriaeth-siambr\/seasons-of-mists-and-mellow-fruitfulness\/\">Parhau i ddarllen <span class=\"screen-reader-text\">\u201cSeasons of mists and mellow fruitfulness\u201d<\/span><\/a><\/p>\n","protected":false},"author":54,"featured_media":0,"parent":27018,"menu_order":0,"comment_status":"closed","ping_status":"closed","template":"","meta":{"inline_featured_image":false,"footnotes":""},"class_list":["post-27716","page","type-page","status-publish","hentry","entry"],"yoast_head":"<!-- This site is optimized with the Yoast SEO plugin v27.5 - https:\/\/yoast.com\/product\/yoast-seo-wordpress\/ -->\n<title>\u201cSeasons of mists and mellow fruitfulness\u201d - Ensemble Cymru<\/title>\n<meta name=\"robots\" content=\"index, follow, max-snippet:-1, max-image-preview:large, max-video-preview:-1\" \/>\n<link rel=\"canonical\" href=\"https:\/\/ensemble.cymru\/cy\/darganfod-cerddoriaeth-siambr\/seasons-of-mists-and-mellow-fruitfulness\/\" \/>\n<meta property=\"og:locale\" content=\"en_US\" \/>\n<meta property=\"og:type\" content=\"article\" \/>\n<meta property=\"og:title\" content=\"\u201cSeasons of mists and mellow fruitfulness\u201d - Ensemble Cymru\" \/>\n<meta property=\"og:description\" content=\"gan Jonathan Lyness Curadur y Rhaglen Rwyf bob amser yn meddwl am y clarin\u00e9t fel offeryn hydrefol. Mae\u2019n fy atgoffa o\u2019r gerdd fendigedig gan John Keats,To Autumn, a ysgrifennwyd tuag at ddiwedd ei oes, gyda\u2019i linellau agoriadol \u201cSeason of mists and mellow fruitfulness, Close bosom-friend of the maturing sun\u201d . Roedd Brahms, tuag at ddiwedd&hellip; Parhau i ddarllen \u201cSeasons of mists and mellow fruitfulness\u201d\" \/>\n<meta property=\"og:url\" content=\"https:\/\/ensemble.cymru\/cy\/darganfod-cerddoriaeth-siambr\/seasons-of-mists-and-mellow-fruitfulness\/\" \/>\n<meta property=\"og:site_name\" content=\"Ensemble Cymru\" \/>\n<meta property=\"article:publisher\" content=\"https:\/\/www.facebook.com\/EnsCymru\/\" \/>\n<meta property=\"article:modified_time\" content=\"2026-04-29T15:50:08+00:00\" \/>\n<meta property=\"og:image\" content=\"https:\/\/ensemble.cymru\/wp-content\/uploads\/2026\/04\/John-Keats-To-Autumn-autograph-manuscript.jpg\" \/>\n\t<meta property=\"og:image:width\" content=\"1032\" \/>\n\t<meta property=\"og:image:height\" content=\"1262\" \/>\n\t<meta property=\"og:image:type\" content=\"image\/jpeg\" \/>\n<meta name=\"twitter:card\" content=\"summary_large_image\" \/>\n<meta name=\"twitter:site\" content=\"@EnsCymru\" \/>\n<meta name=\"twitter:label1\" content=\"Est. reading time\" \/>\n\t<meta name=\"twitter:data1\" content=\"4 munud\" \/>\n<script type=\"application\/ld+json\" class=\"yoast-schema-graph\">{\"@context\":\"https:\\\/\\\/schema.org\",\"@graph\":[{\"@type\":\"WebPage\",\"@id\":\"https:\\\/\\\/ensemble.cymru\\\/cy\\\/darganfod-cerddoriaeth-siambr\\\/seasons-of-mists-and-mellow-fruitfulness\\\/\",\"url\":\"https:\\\/\\\/ensemble.cymru\\\/cy\\\/darganfod-cerddoriaeth-siambr\\\/seasons-of-mists-and-mellow-fruitfulness\\\/\",\"name\":\"\u201cSeasons of mists and mellow fruitfulness\u201d - Ensemble Cymru\",\"isPartOf\":{\"@id\":\"https:\\\/\\\/ensemble.cymru\\\/cy\\\/#website\"},\"primaryImageOfPage\":{\"@id\":\"https:\\\/\\\/ensemble.cymru\\\/cy\\\/darganfod-cerddoriaeth-siambr\\\/seasons-of-mists-and-mellow-fruitfulness\\\/#primaryimage\"},\"image\":{\"@id\":\"https:\\\/\\\/ensemble.cymru\\\/cy\\\/darganfod-cerddoriaeth-siambr\\\/seasons-of-mists-and-mellow-fruitfulness\\\/#primaryimage\"},\"thumbnailUrl\":\"https:\\\/\\\/ensemble.cymru\\\/wp-content\\\/uploads\\\/2026\\\/04\\\/John-Keats-To-Autumn-autograph-manuscript-837x1024.jpg\",\"datePublished\":\"2026-04-29T15:02:06+00:00\",\"dateModified\":\"2026-04-29T15:50:08+00:00\",\"breadcrumb\":{\"@id\":\"https:\\\/\\\/ensemble.cymru\\\/cy\\\/darganfod-cerddoriaeth-siambr\\\/seasons-of-mists-and-mellow-fruitfulness\\\/#breadcrumb\"},\"inLanguage\":\"cy\",\"potentialAction\":[{\"@type\":\"ReadAction\",\"target\":[\"https:\\\/\\\/ensemble.cymru\\\/cy\\\/darganfod-cerddoriaeth-siambr\\\/seasons-of-mists-and-mellow-fruitfulness\\\/\"]}]},{\"@type\":\"ImageObject\",\"inLanguage\":\"cy\",\"@id\":\"https:\\\/\\\/ensemble.cymru\\\/cy\\\/darganfod-cerddoriaeth-siambr\\\/seasons-of-mists-and-mellow-fruitfulness\\\/#primaryimage\",\"url\":\"https:\\\/\\\/ensemble.cymru\\\/wp-content\\\/uploads\\\/2026\\\/04\\\/John-Keats-To-Autumn-autograph-manuscript-837x1024.jpg\",\"contentUrl\":\"https:\\\/\\\/ensemble.cymru\\\/wp-content\\\/uploads\\\/2026\\\/04\\\/John-Keats-To-Autumn-autograph-manuscript-837x1024.jpg\"},{\"@type\":\"BreadcrumbList\",\"@id\":\"https:\\\/\\\/ensemble.cymru\\\/cy\\\/darganfod-cerddoriaeth-siambr\\\/seasons-of-mists-and-mellow-fruitfulness\\\/#breadcrumb\",\"itemListElement\":[{\"@type\":\"ListItem\",\"position\":1,\"name\":\"Home\",\"item\":\"https:\\\/\\\/ensemble.cymru\\\/cy\\\/\"},{\"@type\":\"ListItem\",\"position\":2,\"name\":\"Darganfod Cerddoriaeth Siambr\",\"item\":\"https:\\\/\\\/ensemble.cymru\\\/cy\\\/darganfod-cerddoriaeth-siambr\\\/\"},{\"@type\":\"ListItem\",\"position\":3,\"name\":\"\u201cSeasons of mists and mellow fruitfulness\u201d\"}]},{\"@type\":\"WebSite\",\"@id\":\"https:\\\/\\\/ensemble.cymru\\\/cy\\\/#website\",\"url\":\"https:\\\/\\\/ensemble.cymru\\\/cy\\\/\",\"name\":\"Ensemble Cymru\",\"description\":\"\",\"publisher\":{\"@id\":\"https:\\\/\\\/ensemble.cymru\\\/cy\\\/#organization\"},\"potentialAction\":[{\"@type\":\"SearchAction\",\"target\":{\"@type\":\"EntryPoint\",\"urlTemplate\":\"https:\\\/\\\/ensemble.cymru\\\/cy\\\/?s={search_term_string}\"},\"query-input\":{\"@type\":\"PropertyValueSpecification\",\"valueRequired\":true,\"valueName\":\"search_term_string\"}}],\"inLanguage\":\"cy\"},{\"@type\":\"Organization\",\"@id\":\"https:\\\/\\\/ensemble.cymru\\\/cy\\\/#organization\",\"name\":\"Ensemble Cymru\",\"url\":\"https:\\\/\\\/ensemble.cymru\\\/cy\\\/\",\"logo\":{\"@type\":\"ImageObject\",\"inLanguage\":\"cy\",\"@id\":\"https:\\\/\\\/ensemble.cymru\\\/cy\\\/#\\\/schema\\\/logo\\\/image\\\/\",\"url\":\"https:\\\/\\\/ensemble.cymru\\\/wp-content\\\/uploads\\\/2024\\\/08\\\/2019-09-02EnsembleSquareLogo.png\",\"contentUrl\":\"https:\\\/\\\/ensemble.cymru\\\/wp-content\\\/uploads\\\/2024\\\/08\\\/2019-09-02EnsembleSquareLogo.png\",\"width\":320,\"height\":320,\"caption\":\"Ensemble Cymru\"},\"image\":{\"@id\":\"https:\\\/\\\/ensemble.cymru\\\/cy\\\/#\\\/schema\\\/logo\\\/image\\\/\"},\"sameAs\":[\"https:\\\/\\\/www.facebook.com\\\/EnsCymru\\\/\",\"https:\\\/\\\/x.com\\\/EnsCymru\",\"https:\\\/\\\/www.instagram.com\\\/enscymru\"]}]}<\/script>\n<!-- \/ Yoast SEO plugin. -->","yoast_head_json":{"title":"\u201cSeasons of mists and mellow fruitfulness\u201d - Ensemble Cymru","robots":{"index":"index","follow":"follow","max-snippet":"max-snippet:-1","max-image-preview":"max-image-preview:large","max-video-preview":"max-video-preview:-1"},"canonical":"https:\/\/ensemble.cymru\/cy\/darganfod-cerddoriaeth-siambr\/seasons-of-mists-and-mellow-fruitfulness\/","og_locale":"en_US","og_type":"article","og_title":"\u201cSeasons of mists and mellow fruitfulness\u201d - Ensemble Cymru","og_description":"gan Jonathan Lyness Curadur y Rhaglen Rwyf bob amser yn meddwl am y clarin\u00e9t fel offeryn hydrefol. Mae\u2019n fy atgoffa o\u2019r gerdd fendigedig gan John Keats,To Autumn, a ysgrifennwyd tuag at ddiwedd ei oes, gyda\u2019i linellau agoriadol \u201cSeason of mists and mellow fruitfulness, Close bosom-friend of the maturing sun\u201d . Roedd Brahms, tuag at ddiwedd&hellip; Parhau i ddarllen \u201cSeasons of mists and mellow fruitfulness\u201d","og_url":"https:\/\/ensemble.cymru\/cy\/darganfod-cerddoriaeth-siambr\/seasons-of-mists-and-mellow-fruitfulness\/","og_site_name":"Ensemble Cymru","article_publisher":"https:\/\/www.facebook.com\/EnsCymru\/","article_modified_time":"2026-04-29T15:50:08+00:00","og_image":[{"width":1032,"height":1262,"url":"https:\/\/ensemble.cymru\/wp-content\/uploads\/2026\/04\/John-Keats-To-Autumn-autograph-manuscript.jpg","type":"image\/jpeg"}],"twitter_card":"summary_large_image","twitter_site":"@EnsCymru","twitter_misc":{"Est. reading time":"4 munud"},"schema":{"@context":"https:\/\/schema.org","@graph":[{"@type":"WebPage","@id":"https:\/\/ensemble.cymru\/cy\/darganfod-cerddoriaeth-siambr\/seasons-of-mists-and-mellow-fruitfulness\/","url":"https:\/\/ensemble.cymru\/cy\/darganfod-cerddoriaeth-siambr\/seasons-of-mists-and-mellow-fruitfulness\/","name":"\u201cSeasons of mists and mellow fruitfulness\u201d - Ensemble Cymru","isPartOf":{"@id":"https:\/\/ensemble.cymru\/cy\/#website"},"primaryImageOfPage":{"@id":"https:\/\/ensemble.cymru\/cy\/darganfod-cerddoriaeth-siambr\/seasons-of-mists-and-mellow-fruitfulness\/#primaryimage"},"image":{"@id":"https:\/\/ensemble.cymru\/cy\/darganfod-cerddoriaeth-siambr\/seasons-of-mists-and-mellow-fruitfulness\/#primaryimage"},"thumbnailUrl":"https:\/\/ensemble.cymru\/wp-content\/uploads\/2026\/04\/John-Keats-To-Autumn-autograph-manuscript-837x1024.jpg","datePublished":"2026-04-29T15:02:06+00:00","dateModified":"2026-04-29T15:50:08+00:00","breadcrumb":{"@id":"https:\/\/ensemble.cymru\/cy\/darganfod-cerddoriaeth-siambr\/seasons-of-mists-and-mellow-fruitfulness\/#breadcrumb"},"inLanguage":"cy","potentialAction":[{"@type":"ReadAction","target":["https:\/\/ensemble.cymru\/cy\/darganfod-cerddoriaeth-siambr\/seasons-of-mists-and-mellow-fruitfulness\/"]}]},{"@type":"ImageObject","inLanguage":"cy","@id":"https:\/\/ensemble.cymru\/cy\/darganfod-cerddoriaeth-siambr\/seasons-of-mists-and-mellow-fruitfulness\/#primaryimage","url":"https:\/\/ensemble.cymru\/wp-content\/uploads\/2026\/04\/John-Keats-To-Autumn-autograph-manuscript-837x1024.jpg","contentUrl":"https:\/\/ensemble.cymru\/wp-content\/uploads\/2026\/04\/John-Keats-To-Autumn-autograph-manuscript-837x1024.jpg"},{"@type":"BreadcrumbList","@id":"https:\/\/ensemble.cymru\/cy\/darganfod-cerddoriaeth-siambr\/seasons-of-mists-and-mellow-fruitfulness\/#breadcrumb","itemListElement":[{"@type":"ListItem","position":1,"name":"Home","item":"https:\/\/ensemble.cymru\/cy\/"},{"@type":"ListItem","position":2,"name":"Darganfod Cerddoriaeth Siambr","item":"https:\/\/ensemble.cymru\/cy\/darganfod-cerddoriaeth-siambr\/"},{"@type":"ListItem","position":3,"name":"\u201cSeasons of mists and mellow fruitfulness\u201d"}]},{"@type":"WebSite","@id":"https:\/\/ensemble.cymru\/cy\/#website","url":"https:\/\/ensemble.cymru\/cy\/","name":"Ensemble Cymru","description":"","publisher":{"@id":"https:\/\/ensemble.cymru\/cy\/#organization"},"potentialAction":[{"@type":"SearchAction","target":{"@type":"EntryPoint","urlTemplate":"https:\/\/ensemble.cymru\/cy\/?s={search_term_string}"},"query-input":{"@type":"PropertyValueSpecification","valueRequired":true,"valueName":"search_term_string"}}],"inLanguage":"cy"},{"@type":"Organization","@id":"https:\/\/ensemble.cymru\/cy\/#organization","name":"Ensemble Cymru","url":"https:\/\/ensemble.cymru\/cy\/","logo":{"@type":"ImageObject","inLanguage":"cy","@id":"https:\/\/ensemble.cymru\/cy\/#\/schema\/logo\/image\/","url":"https:\/\/ensemble.cymru\/wp-content\/uploads\/2024\/08\/2019-09-02EnsembleSquareLogo.png","contentUrl":"https:\/\/ensemble.cymru\/wp-content\/uploads\/2024\/08\/2019-09-02EnsembleSquareLogo.png","width":320,"height":320,"caption":"Ensemble Cymru"},"image":{"@id":"https:\/\/ensemble.cymru\/cy\/#\/schema\/logo\/image\/"},"sameAs":["https:\/\/www.facebook.com\/EnsCymru\/","https:\/\/x.com\/EnsCymru","https:\/\/www.instagram.com\/enscymru"]}]}},"_links":{"self":[{"href":"https:\/\/ensemble.cymru\/cy\/wp-json\/wp\/v2\/pages\/27716","targetHints":{"allow":["GET"]}}],"collection":[{"href":"https:\/\/ensemble.cymru\/cy\/wp-json\/wp\/v2\/pages"}],"about":[{"href":"https:\/\/ensemble.cymru\/cy\/wp-json\/wp\/v2\/types\/page"}],"author":[{"embeddable":true,"href":"https:\/\/ensemble.cymru\/cy\/wp-json\/wp\/v2\/users\/54"}],"replies":[{"embeddable":true,"href":"https:\/\/ensemble.cymru\/cy\/wp-json\/wp\/v2\/comments?post=27716"}],"version-history":[{"count":6,"href":"https:\/\/ensemble.cymru\/cy\/wp-json\/wp\/v2\/pages\/27716\/revisions"}],"predecessor-version":[{"id":27737,"href":"https:\/\/ensemble.cymru\/cy\/wp-json\/wp\/v2\/pages\/27716\/revisions\/27737"}],"up":[{"embeddable":true,"href":"https:\/\/ensemble.cymru\/cy\/wp-json\/wp\/v2\/pages\/27018"}],"wp:attachment":[{"href":"https:\/\/ensemble.cymru\/cy\/wp-json\/wp\/v2\/media?parent=27716"}],"curies":[{"name":"wp","href":"https:\/\/api.w.org\/{rel}","templated":true}]}}